{"id":7,"date":"2018-02-04T22:13:02","date_gmt":"2018-02-04T21:13:02","guid":{"rendered":"http:\/\/orchestrejonas.eu\/?page_id=7"},"modified":"2023-04-18T13:43:34","modified_gmt":"2023-04-18T11:43:34","slug":"accueil","status":"publish","type":"page","link":"https:\/\/orchestrejonas.eu\/","title":{"rendered":"A propos"},"content":{"rendered":"<h2 style=\"text-align: center;\"><span style=\"color: #3796f0;\">Bienvenue sur le site de Jonas !<\/span><\/h2>\n<h4><img fetchpriority=\"high\" decoding=\"async\" class=\"wp-image-308 aligncenter\" src=\"https:\/\/i0.wp.com\/orchestrejonas.eu\/wp-content\/uploads\/2018\/02\/jonas-auditorium.jpg?resize=700%2C262\" alt=\"\" width=\"700\" height=\"262\" srcset=\"https:\/\/i0.wp.com\/orchestrejonas.eu\/wp-content\/uploads\/2018\/02\/jonas-auditorium.jpg?w=1920&amp;ssl=1 1920w, https:\/\/i0.wp.com\/orchestrejonas.eu\/wp-content\/uploads\/2018\/02\/jonas-auditorium.jpg?resize=300%2C112&amp;ssl=1 300w, https:\/\/i0.wp.com\/orchestrejonas.eu\/wp-content\/uploads\/2018\/02\/jonas-auditorium.jpg?resize=768%2C288&amp;ssl=1 768w, https:\/\/i0.wp.com\/orchestrejonas.eu\/wp-content\/uploads\/2018\/02\/jonas-auditorium.jpg?resize=1024%2C383&amp;ssl=1 1024w, https:\/\/i0.wp.com\/orchestrejonas.eu\/wp-content\/uploads\/2018\/02\/jonas-auditorium.jpg?resize=700%2C262&amp;ssl=1 700w, https:\/\/i0.wp.com\/orchestrejonas.eu\/wp-content\/uploads\/2018\/02\/jonas-auditorium.jpg?resize=1068%2C400&amp;ssl=1 1068w, https:\/\/i0.wp.com\/orchestrejonas.eu\/wp-content\/uploads\/2018\/02\/jonas-auditorium.jpg?w=1400 1400w\" sizes=\"(max-width: 700px) 100vw, 700px\" data-recalc-dims=\"1\" \/><\/h4>\n<p style=\"text-align: left;\"><strong><span style=\"color: #3796f0;\">L\u2019orch<\/span><span style=\"color: #3796f0;\">estre Jonas est un ensemble symphonique amateur franco-allemand cr\u00e9\u00e9 en 2015. Les musiciens qui le composent sont \u00e2g\u00e9s de 15 \u00e0 65 ans.<\/span><\/strong><\/p>\n<p style=\"text-align: left;\">Au travers de la musique, Jonas a pour ambition de cr\u00e9er des liens entre les g\u00e9n\u00e9rations et les diff\u00e9rentes cultures. De Bach \u00e0 John Williams, en passant par Beethoven et Tcha\u00efkovski, les musiciens explorent tous les styles et r\u00e9pertoires musicaux sous la direction de leur chef Nicolas Jean. Cet ensemble instrumental a notamment \u00e9t\u00e9 pens\u00e9 pour permettre \u00e0 des instrumentistes amateurs de c\u00f4toyer, dans une ambiance chaleureuse et stimulante, des musiciens professionnels ou en voie de professionnalisation.&nbsp;<\/p>\n<p style=\"text-align: left;\">Bas\u00e9 \u00e0 Strasbourg, l\u2019orchestre se produit dans toute la R\u00e9gion Grand Est et a d\u00e9j\u00e0 travers\u00e9 les fronti\u00e8res pour continuer \u00e0 faire vivre la musique Outre-Rhin. L\u2019orchestre a \u00e9galement \u00e0 c\u0153ur de d\u00e9velopper divers partenariats musicaux (concerts en collaboration avec des ch\u0153urs, de jeunes chanteurs lyriques, des organistes professionnels,\u2026).<\/p>\n<div class=\"jetpack-video-wrapper\"><iframe title=\"JONAS - Pr\u00e9sentation de l&#039;orchestre\" width=\"700\" height=\"394\" src=\"https:\/\/www.youtube.com\/embed\/QMJX3cgPTBo?feature=oembed\" frameborder=\"0\" allow=\"accelerometer; autoplay; clipboard-write; encrypted-media; gyroscope; picture-in-picture; web-share\" allowfullscreen><\/iframe><\/div>\n<p><img decoding=\"async\" class=\"wp-image-1497 aligncenter\" src=\"https:\/\/i0.wp.com\/orchestrejonas.eu\/wp-content\/uploads\/2018\/07\/JONAS_180701-84-Copie-1.jpg?resize=700%2C332\" alt=\"\" width=\"700\" height=\"332\" srcset=\"https:\/\/i0.wp.com\/orchestrejonas.eu\/wp-content\/uploads\/2018\/07\/JONAS_180701-84-Copie-1.jpg?resize=300%2C142&amp;ssl=1 300w, https:\/\/i0.wp.com\/orchestrejonas.eu\/wp-content\/uploads\/2018\/07\/JONAS_180701-84-Copie-1.jpg?resize=768%2C365&amp;ssl=1 768w, https:\/\/i0.wp.com\/orchestrejonas.eu\/wp-content\/uploads\/2018\/07\/JONAS_180701-84-Copie-1.jpg?resize=1024%2C486&amp;ssl=1 1024w, https:\/\/i0.wp.com\/orchestrejonas.eu\/wp-content\/uploads\/2018\/07\/JONAS_180701-84-Copie-1.jpg?resize=700%2C332&amp;ssl=1 700w, https:\/\/i0.wp.com\/orchestrejonas.eu\/wp-content\/uploads\/2018\/07\/JONAS_180701-84-Copie-1.jpg?resize=842%2C400&amp;ssl=1 842w, https:\/\/i0.wp.com\/orchestrejonas.eu\/wp-content\/uploads\/2018\/07\/JONAS_180701-84-Copie-1.jpg?w=1885&amp;ssl=1 1885w, https:\/\/i0.wp.com\/orchestrejonas.eu\/wp-content\/uploads\/2018\/07\/JONAS_180701-84-Copie-1.jpg?w=1400 1400w\" sizes=\"(max-width: 700px) 100vw, 700px\" data-recalc-dims=\"1\" \/><\/p>\n<hr>\n<p style=\"text-align: left;\"><em>Nicolas JEAN obtient son dipl\u00f4me de perfectionnement au Conservatoire de Strasbourg dans la classe de trombone de Nicolas Moutier en 2006. Il y obtient \u00e9galement son dipl\u00f4me de direction d\u2019orchestre en 2010 dans la classe de Miguel Etchegoncelay. Il passe parall\u00e8lement son master de musicologie \u00e0 l\u2019universit\u00e9 Marc Bloch de Strasbourg en 2010. Actuellement directeur des \u00e9coles de musique de Mertzwiller et d\u2019Offendorf, il est aussi directeur musical de l\u2019Ensemble Musical de Mertzwiller. S\u2019impliquant \u00e9galement dans le domaine p\u00e9dagogique, il enseigne le trombone \u00e0 travers le d\u00e9partement et porte des projets d\u2019orchestres \u00e0 l\u2019\u00e9cole \u00e0 Mertzwiller et Offendorf. En 2015, il forme l&rsquo;ensemble instrumental Jonas et prend en 2016 la direction du Collegium Cantorum de Strasbourg.&nbsp;<\/em><\/p>\n<p><img decoding=\"async\" class=\"size-medium wp-image-311 aligncenter\" src=\"https:\/\/i0.wp.com\/orchestrejonas.eu\/wp-content\/uploads\/2018\/02\/nicojean2.jpg?resize=200%2C300\" alt=\"\" width=\"200\" height=\"300\" srcset=\"https:\/\/i0.wp.com\/orchestrejonas.eu\/wp-content\/uploads\/2018\/02\/nicojean2.jpg?resize=200%2C300&amp;ssl=1 200w, https:\/\/i0.wp.com\/orchestrejonas.eu\/wp-content\/uploads\/2018\/02\/nicojean2.jpg?resize=267%2C400&amp;ssl=1 267w, https:\/\/i0.wp.com\/orchestrejonas.eu\/wp-content\/uploads\/2018\/02\/nicojean2.jpg?w=640&amp;ssl=1 640w\" sizes=\"(max-width: 200px) 100vw, 200px\" data-recalc-dims=\"1\" \/><\/p>\n","protected":false},"excerpt":{"rendered":"<p>Bienvenue sur le site de Jonas ! L\u2019orchestre Jonas est un ensemble symphonique amateur franco-allemand cr\u00e9\u00e9 en 2015. Les musiciens qui le composent sont \u00e2g\u00e9s de 15 \u00e0 65 ans. Au travers de la musique, Jonas a pour ambition de cr\u00e9er des liens entre les g\u00e9n\u00e9rations et les diff\u00e9rentes cultures. De Bach \u00e0 John Williams, &hellip; <a href=\"https:\/\/orchestrejonas.eu\/\" class=\"more-link\">Continue reading <span class=\"screen-reader-text\">A propos<\/span> <span class=\"meta-nav\">&rarr;<\/span><\/a><\/p>\n","protected":false},"author":1,"featured_media":0,"parent":0,"menu_order":0,"comment_status":"closed","ping_status":"closed","template":"","meta":{"ngg_post_thumbnail":0,"footnotes":""},"yoast_head":"<!-- This site is optimized with the Yoast SEO plugin v23.6 - https:\/\/yoast.com\/wordpress\/plugins\/seo\/ -->\n<title>A propos - Orchestre Jonas<\/title>\n<meta name=\"robots\" content=\"index, follow, max-snippet:-1, max-image-preview:large, max-video-preview:-1\" \/>\n<link rel=\"canonical\" href=\"https:\/\/orchestrejonas.eu\/\" \/>\n<meta property=\"og:locale\" content=\"fr_FR\" \/>\n<meta property=\"og:type\" content=\"article\" \/>\n<meta property=\"og:title\" content=\"A propos - Orchestre Jonas\" \/>\n<meta property=\"og:description\" content=\"Bienvenue sur le site de Jonas ! L\u2019orchestre Jonas est un ensemble symphonique amateur franco-allemand cr\u00e9\u00e9 en 2015. Les musiciens qui le composent sont \u00e2g\u00e9s de 15 \u00e0 65 ans. Au travers de la musique, Jonas a pour ambition de cr\u00e9er des liens entre les g\u00e9n\u00e9rations et les diff\u00e9rentes cultures. De Bach \u00e0 John Williams, &hellip; Continue reading A propos &rarr;\" \/>\n<meta property=\"og:url\" content=\"https:\/\/orchestrejonas.eu\/\" \/>\n<meta property=\"og:site_name\" content=\"Orchestre Jonas\" \/>\n<meta property=\"article:modified_time\" content=\"2023-04-18T11:43:34+00:00\" \/>\n<meta property=\"og:image\" content=\"http:\/\/orchestrejonas.eu\/wp-content\/uploads\/2018\/02\/jonas-auditorium.jpg\" \/>\n<meta name=\"twitter:card\" content=\"summary_large_image\" \/>\n<meta name=\"twitter:label1\" content=\"Dur\u00e9e de lecture estim\u00e9e\" \/>\n\t<meta name=\"twitter:data1\" content=\"1 minute\" \/>\n<script type=\"application\/ld+json\" class=\"yoast-schema-graph\">{\"@context\":\"https:\/\/schema.org\",\"@graph\":[{\"@type\":\"WebPage\",\"@id\":\"https:\/\/orchestrejonas.eu\/\",\"url\":\"https:\/\/orchestrejonas.eu\/\",\"name\":\"A propos - Orchestre Jonas\",\"isPartOf\":{\"@id\":\"https:\/\/orchestrejonas.eu\/#website\"},\"primaryImageOfPage\":{\"@id\":\"https:\/\/orchestrejonas.eu\/#primaryimage\"},\"image\":{\"@id\":\"https:\/\/orchestrejonas.eu\/#primaryimage\"},\"thumbnailUrl\":\"http:\/\/orchestrejonas.eu\/wp-content\/uploads\/2018\/02\/jonas-auditorium.jpg\",\"datePublished\":\"2018-02-04T21:13:02+00:00\",\"dateModified\":\"2023-04-18T11:43:34+00:00\",\"breadcrumb\":{\"@id\":\"https:\/\/orchestrejonas.eu\/#breadcrumb\"},\"inLanguage\":\"fr-FR\",\"potentialAction\":[{\"@type\":\"ReadAction\",\"target\":[\"https:\/\/orchestrejonas.eu\/\"]}]},{\"@type\":\"ImageObject\",\"inLanguage\":\"fr-FR\",\"@id\":\"https:\/\/orchestrejonas.eu\/#primaryimage\",\"url\":\"https:\/\/i0.wp.com\/orchestrejonas.eu\/wp-content\/uploads\/2018\/02\/jonas-auditorium.jpg?fit=1920%2C719&ssl=1\",\"contentUrl\":\"https:\/\/i0.wp.com\/orchestrejonas.eu\/wp-content\/uploads\/2018\/02\/jonas-auditorium.jpg?fit=1920%2C719&ssl=1\",\"width\":1920,\"height\":719},{\"@type\":\"BreadcrumbList\",\"@id\":\"https:\/\/orchestrejonas.eu\/#breadcrumb\",\"itemListElement\":[{\"@type\":\"ListItem\",\"position\":1,\"name\":\"Accueil\",\"item\":\"https:\/\/orchestrejonas.eu\/\"},{\"@type\":\"ListItem\",\"position\":2,\"name\":\"A propos\"}]},{\"@type\":\"WebSite\",\"@id\":\"https:\/\/orchestrejonas.eu\/#website\",\"url\":\"https:\/\/orchestrejonas.eu\/\",\"name\":\"Orchestre Jonas\",\"description\":\"Orchestre symphonique franco-allemand\",\"publisher\":{\"@id\":\"https:\/\/orchestrejonas.eu\/#organization\"},\"potentialAction\":[{\"@type\":\"SearchAction\",\"target\":{\"@type\":\"EntryPoint\",\"urlTemplate\":\"https:\/\/orchestrejonas.eu\/?s={search_term_string}\"},\"query-input\":{\"@type\":\"PropertyValueSpecification\",\"valueRequired\":true,\"valueName\":\"search_term_string\"}}],\"inLanguage\":\"fr-FR\"},{\"@type\":\"Organization\",\"@id\":\"https:\/\/orchestrejonas.eu\/#organization\",\"name\":\"Orchestre Jonas\",\"url\":\"https:\/\/orchestrejonas.eu\/\",\"logo\":{\"@type\":\"ImageObject\",\"inLanguage\":\"fr-FR\",\"@id\":\"https:\/\/orchestrejonas.eu\/#\/schema\/logo\/image\/\",\"url\":\"https:\/\/i0.wp.com\/orchestrejonas.eu\/wp-content\/uploads\/2018\/02\/cropped-Jonas_logo_v7c2-1-1.png?fit=1000%2C1000&ssl=1\",\"contentUrl\":\"https:\/\/i0.wp.com\/orchestrejonas.eu\/wp-content\/uploads\/2018\/02\/cropped-Jonas_logo_v7c2-1-1.png?fit=1000%2C1000&ssl=1\",\"width\":1000,\"height\":1000,\"caption\":\"Orchestre Jonas\"},\"image\":{\"@id\":\"https:\/\/orchestrejonas.eu\/#\/schema\/logo\/image\/\"}}]}<\/script>\n<!-- \/ Yoast SEO plugin. -->","yoast_head_json":{"title":"A propos - Orchestre Jonas","robots":{"index":"index","follow":"follow","max-snippet":"max-snippet:-1","max-image-preview":"max-image-preview:large","max-video-preview":"max-video-preview:-1"},"canonical":"https:\/\/orchestrejonas.eu\/","og_locale":"fr_FR","og_type":"article","og_title":"A propos - Orchestre Jonas","og_description":"Bienvenue sur le site de Jonas ! L\u2019orchestre Jonas est un ensemble symphonique amateur franco-allemand cr\u00e9\u00e9 en 2015. Les musiciens qui le composent sont \u00e2g\u00e9s de 15 \u00e0 65 ans. Au travers de la musique, Jonas a pour ambition de cr\u00e9er des liens entre les g\u00e9n\u00e9rations et les diff\u00e9rentes cultures. De Bach \u00e0 John Williams, &hellip; Continue reading A propos &rarr;","og_url":"https:\/\/orchestrejonas.eu\/","og_site_name":"Orchestre Jonas","article_modified_time":"2023-04-18T11:43:34+00:00","og_image":[{"url":"http:\/\/orchestrejonas.eu\/wp-content\/uploads\/2018\/02\/jonas-auditorium.jpg"}],"twitter_card":"summary_large_image","twitter_misc":{"Dur\u00e9e de lecture estim\u00e9e":"1 minute"},"schema":{"@context":"https:\/\/schema.org","@graph":[{"@type":"WebPage","@id":"https:\/\/orchestrejonas.eu\/","url":"https:\/\/orchestrejonas.eu\/","name":"A propos - Orchestre Jonas","isPartOf":{"@id":"https:\/\/orchestrejonas.eu\/#website"},"primaryImageOfPage":{"@id":"https:\/\/orchestrejonas.eu\/#primaryimage"},"image":{"@id":"https:\/\/orchestrejonas.eu\/#primaryimage"},"thumbnailUrl":"http:\/\/orchestrejonas.eu\/wp-content\/uploads\/2018\/02\/jonas-auditorium.jpg","datePublished":"2018-02-04T21:13:02+00:00","dateModified":"2023-04-18T11:43:34+00:00","breadcrumb":{"@id":"https:\/\/orchestrejonas.eu\/#breadcrumb"},"inLanguage":"fr-FR","potentialAction":[{"@type":"ReadAction","target":["https:\/\/orchestrejonas.eu\/"]}]},{"@type":"ImageObject","inLanguage":"fr-FR","@id":"https:\/\/orchestrejonas.eu\/#primaryimage","url":"https:\/\/i0.wp.com\/orchestrejonas.eu\/wp-content\/uploads\/2018\/02\/jonas-auditorium.jpg?fit=1920%2C719&ssl=1","contentUrl":"https:\/\/i0.wp.com\/orchestrejonas.eu\/wp-content\/uploads\/2018\/02\/jonas-auditorium.jpg?fit=1920%2C719&ssl=1","width":1920,"height":719},{"@type":"BreadcrumbList","@id":"https:\/\/orchestrejonas.eu\/#breadcrumb","itemListElement":[{"@type":"ListItem","position":1,"name":"Accueil","item":"https:\/\/orchestrejonas.eu\/"},{"@type":"ListItem","position":2,"name":"A propos"}]},{"@type":"WebSite","@id":"https:\/\/orchestrejonas.eu\/#website","url":"https:\/\/orchestrejonas.eu\/","name":"Orchestre Jonas","description":"Orchestre symphonique franco-allemand","publisher":{"@id":"https:\/\/orchestrejonas.eu\/#organization"},"potentialAction":[{"@type":"SearchAction","target":{"@type":"EntryPoint","urlTemplate":"https:\/\/orchestrejonas.eu\/?s={search_term_string}"},"query-input":{"@type":"PropertyValueSpecification","valueRequired":true,"valueName":"search_term_string"}}],"inLanguage":"fr-FR"},{"@type":"Organization","@id":"https:\/\/orchestrejonas.eu\/#organization","name":"Orchestre Jonas","url":"https:\/\/orchestrejonas.eu\/","logo":{"@type":"ImageObject","inLanguage":"fr-FR","@id":"https:\/\/orchestrejonas.eu\/#\/schema\/logo\/image\/","url":"https:\/\/i0.wp.com\/orchestrejonas.eu\/wp-content\/uploads\/2018\/02\/cropped-Jonas_logo_v7c2-1-1.png?fit=1000%2C1000&ssl=1","contentUrl":"https:\/\/i0.wp.com\/orchestrejonas.eu\/wp-content\/uploads\/2018\/02\/cropped-Jonas_logo_v7c2-1-1.png?fit=1000%2C1000&ssl=1","width":1000,"height":1000,"caption":"Orchestre Jonas"},"image":{"@id":"https:\/\/orchestrejonas.eu\/#\/schema\/logo\/image\/"}}]}},"jetpack_sharing_enabled":true,"_links":{"self":[{"href":"https:\/\/orchestrejonas.eu\/index.php\/wp-json\/wp\/v2\/pages\/7"}],"collection":[{"href":"https:\/\/orchestrejonas.eu\/index.php\/wp-json\/wp\/v2\/pages"}],"about":[{"href":"https:\/\/orchestrejonas.eu\/index.php\/wp-json\/wp\/v2\/types\/page"}],"author":[{"embeddable":true,"href":"https:\/\/orchestrejonas.eu\/index.php\/wp-json\/wp\/v2\/users\/1"}],"replies":[{"embeddable":true,"href":"https:\/\/orchestrejonas.eu\/index.php\/wp-json\/wp\/v2\/comments?post=7"}],"version-history":[{"count":87,"href":"https:\/\/orchestrejonas.eu\/index.php\/wp-json\/wp\/v2\/pages\/7\/revisions"}],"predecessor-version":[{"id":1834,"href":"https:\/\/orchestrejonas.eu\/index.php\/wp-json\/wp\/v2\/pages\/7\/revisions\/1834"}],"wp:attachment":[{"href":"https:\/\/orchestrejonas.eu\/index.php\/wp-json\/wp\/v2\/media?parent=7"}],"curies":[{"name":"wp","href":"https:\/\/api.w.org\/{rel}","templated":true}]}}