{"id":353,"date":"2018-02-07T23:16:06","date_gmt":"2018-02-07T22:16:06","guid":{"rendered":"http:\/\/orchestrejonas.eu\/?page_id=353"},"modified":"2018-03-09T02:00:33","modified_gmt":"2018-03-09T01:00:33","slug":"association","status":"publish","type":"page","link":"https:\/\/orchestrejonas.eu\/index.php\/association\/","title":{"rendered":"Association"},"content":{"rendered":"<h5>&nbsp;<\/h5>\n<h5 style=\"text-align: center;\">L&rsquo;association <span style=\"color: #6b95d1;\"><strong>Orchestre Jonas<\/strong> <\/span>a \u00e9t\u00e9 cr\u00e9\u00e9e en octobre 2016.<\/h5>\n<h5><img decoding=\"async\" class=\" wp-image-15 aligncenter\" src=\"https:\/\/i0.wp.com\/orchestrejonas.eu\/wp-content\/uploads\/2018\/02\/cropped-Jonas_logo_v7c2-1.png?resize=196%2C196\" alt=\"\" width=\"196\" height=\"196\" srcset=\"https:\/\/i0.wp.com\/orchestrejonas.eu\/wp-content\/uploads\/2018\/02\/cropped-Jonas_logo_v7c2-1.png?resize=300%2C300&amp;ssl=1 300w, https:\/\/i0.wp.com\/orchestrejonas.eu\/wp-content\/uploads\/2018\/02\/cropped-Jonas_logo_v7c2-1.png?resize=150%2C150&amp;ssl=1 150w, https:\/\/i0.wp.com\/orchestrejonas.eu\/wp-content\/uploads\/2018\/02\/cropped-Jonas_logo_v7c2-1.png?resize=100%2C100&amp;ssl=1 100w, https:\/\/i0.wp.com\/orchestrejonas.eu\/wp-content\/uploads\/2018\/02\/cropped-Jonas_logo_v7c2-1.png?resize=270%2C270&amp;ssl=1 270w, https:\/\/i0.wp.com\/orchestrejonas.eu\/wp-content\/uploads\/2018\/02\/cropped-Jonas_logo_v7c2-1.png?resize=192%2C192&amp;ssl=1 192w, https:\/\/i0.wp.com\/orchestrejonas.eu\/wp-content\/uploads\/2018\/02\/cropped-Jonas_logo_v7c2-1.png?resize=180%2C180&amp;ssl=1 180w, https:\/\/i0.wp.com\/orchestrejonas.eu\/wp-content\/uploads\/2018\/02\/cropped-Jonas_logo_v7c2-1.png?resize=32%2C32&amp;ssl=1 32w, https:\/\/i0.wp.com\/orchestrejonas.eu\/wp-content\/uploads\/2018\/02\/cropped-Jonas_logo_v7c2-1.png?w=512&amp;ssl=1 512w\" sizes=\"(max-width: 196px) 100vw, 196px\" data-recalc-dims=\"1\" \/><\/h5>\n<p>&nbsp;<\/p>\n<p style=\"text-align: center;\">Elle a \u00e9t\u00e9 enregistr\u00e9e au Registre des Associations du tribunal d&rsquo;instance de Strasbourg le 19 d\u00e9cembre 2016, sous les r\u00e9f\u00e9rences : Volume 94 Folio n\u00b0324.<\/p>\n<p>&nbsp;<\/p>\n<h5 style=\"text-align: center;\">Les membres du Conseil d&rsquo;Administration sont :<\/h5>\n<p>&nbsp;<\/p>\n<p style=\"text-align: center;\"><img fetchpriority=\"high\" decoding=\"async\" class=\"size-medium wp-image-1126 aligncenter\" src=\"https:\/\/i0.wp.com\/orchestrejonas.eu\/wp-content\/uploads\/2018\/03\/150829_jonas_001.jpg?resize=300%2C300\" alt=\"\" width=\"300\" height=\"300\" srcset=\"https:\/\/i0.wp.com\/orchestrejonas.eu\/wp-content\/uploads\/2018\/03\/150829_jonas_001.jpg?resize=300%2C300&amp;ssl=1 300w, https:\/\/i0.wp.com\/orchestrejonas.eu\/wp-content\/uploads\/2018\/03\/150829_jonas_001.jpg?resize=150%2C150&amp;ssl=1 150w, https:\/\/i0.wp.com\/orchestrejonas.eu\/wp-content\/uploads\/2018\/03\/150829_jonas_001.jpg?resize=100%2C100&amp;ssl=1 100w, https:\/\/i0.wp.com\/orchestrejonas.eu\/wp-content\/uploads\/2018\/03\/150829_jonas_001.jpg?resize=400%2C400&amp;ssl=1 400w, https:\/\/i0.wp.com\/orchestrejonas.eu\/wp-content\/uploads\/2018\/03\/150829_jonas_001.jpg?w=640&amp;ssl=1 640w\" sizes=\"(max-width: 300px) 100vw, 300px\" data-recalc-dims=\"1\" \/>&nbsp;<\/p>\n<p style=\"text-align: center;\">Nicolas, pr\u00e9sident et directeur musical<\/p>\n<p>&nbsp;<\/p>\n<p style=\"text-align: center;\"><img decoding=\"async\" class=\"size-medium wp-image-1129 aligncenter\" src=\"https:\/\/i0.wp.com\/orchestrejonas.eu\/wp-content\/uploads\/2018\/03\/180308_jonas_001.jpg?resize=300%2C300\" alt=\"\" width=\"300\" height=\"300\" srcset=\"https:\/\/i0.wp.com\/orchestrejonas.eu\/wp-content\/uploads\/2018\/03\/180308_jonas_001.jpg?resize=300%2C300&amp;ssl=1 300w, https:\/\/i0.wp.com\/orchestrejonas.eu\/wp-content\/uploads\/2018\/03\/180308_jonas_001.jpg?resize=150%2C150&amp;ssl=1 150w, https:\/\/i0.wp.com\/orchestrejonas.eu\/wp-content\/uploads\/2018\/03\/180308_jonas_001.jpg?resize=100%2C100&amp;ssl=1 100w, https:\/\/i0.wp.com\/orchestrejonas.eu\/wp-content\/uploads\/2018\/03\/180308_jonas_001.jpg?resize=400%2C400&amp;ssl=1 400w, https:\/\/i0.wp.com\/orchestrejonas.eu\/wp-content\/uploads\/2018\/03\/180308_jonas_001.jpg?w=640&amp;ssl=1 640w\" sizes=\"(max-width: 300px) 100vw, 300px\" data-recalc-dims=\"1\" \/>&nbsp;<\/p>\n<p style=\"text-align: center;\">Pascal, tr\u00e9sorier<\/p>\n<p>&nbsp;<\/p>\n<p style=\"text-align: center;\"><img loading=\"lazy\" decoding=\"async\" class=\"alignnone size-medium wp-image-1128\" src=\"https:\/\/i0.wp.com\/orchestrejonas.eu\/wp-content\/uploads\/2018\/03\/171028_jonas_001.jpg?resize=300%2C300\" alt=\"\" width=\"300\" height=\"300\" srcset=\"https:\/\/i0.wp.com\/orchestrejonas.eu\/wp-content\/uploads\/2018\/03\/171028_jonas_001.jpg?resize=300%2C300&amp;ssl=1 300w, https:\/\/i0.wp.com\/orchestrejonas.eu\/wp-content\/uploads\/2018\/03\/171028_jonas_001.jpg?resize=150%2C150&amp;ssl=1 150w, https:\/\/i0.wp.com\/orchestrejonas.eu\/wp-content\/uploads\/2018\/03\/171028_jonas_001.jpg?resize=100%2C100&amp;ssl=1 100w, https:\/\/i0.wp.com\/orchestrejonas.eu\/wp-content\/uploads\/2018\/03\/171028_jonas_001.jpg?resize=400%2C400&amp;ssl=1 400w, https:\/\/i0.wp.com\/orchestrejonas.eu\/wp-content\/uploads\/2018\/03\/171028_jonas_001.jpg?w=640&amp;ssl=1 640w\" sizes=\"(max-width: 300px) 100vw, 300px\" data-recalc-dims=\"1\" \/>&nbsp;<\/p>\n<p style=\"text-align: center;\">Fabienne, administratrice et charg\u00e9e des relations franco-allemandes<\/p>\n<p>&nbsp;<\/p>\n<p style=\"text-align: center;\"><img loading=\"lazy\" decoding=\"async\" class=\"alignnone size-medium wp-image-1131 aligncenter\" src=\"https:\/\/i0.wp.com\/orchestrejonas.eu\/wp-content\/uploads\/2018\/03\/180309_jonas_001.jpg?resize=300%2C300\" alt=\"\" width=\"300\" height=\"300\" srcset=\"https:\/\/i0.wp.com\/orchestrejonas.eu\/wp-content\/uploads\/2018\/03\/180309_jonas_001.jpg?resize=300%2C300&amp;ssl=1 300w, https:\/\/i0.wp.com\/orchestrejonas.eu\/wp-content\/uploads\/2018\/03\/180309_jonas_001.jpg?resize=150%2C150&amp;ssl=1 150w, https:\/\/i0.wp.com\/orchestrejonas.eu\/wp-content\/uploads\/2018\/03\/180309_jonas_001.jpg?resize=100%2C100&amp;ssl=1 100w, https:\/\/i0.wp.com\/orchestrejonas.eu\/wp-content\/uploads\/2018\/03\/180309_jonas_001.jpg?resize=400%2C400&amp;ssl=1 400w, https:\/\/i0.wp.com\/orchestrejonas.eu\/wp-content\/uploads\/2018\/03\/180309_jonas_001.jpg?w=640&amp;ssl=1 640w\" sizes=\"(max-width: 300px) 100vw, 300px\" data-recalc-dims=\"1\" \/><\/p>\n<p style=\"text-align: center;\">&nbsp;H\u00e9l\u00e8ne, secr\u00e9taire et charg\u00e9e de communication<\/p>\n<p>&nbsp;<\/p>\n<p>&nbsp;<\/p>\n<hr>\n<p>Soutenez-notre association en faisant un don sur Hello Asso !<\/p>\n<p><iframe id=\"haWidget\" style=\"width: 100%; height: 750px; border: none;\" src=\"https:\/\/www.donnerenligne.fr\/orchestre-jonas\/faire-un-don\" width=\"300\" height=\"150\"><\/iframe><\/p>\n<div style=\"width: 100%; text-align: center;\">Propuls\u00e9 par <a href=\"https:\/\/www.helloasso.com\" rel=\"nofollow\">HelloAsso<\/a><\/div>\n","protected":false},"excerpt":{"rendered":"<p>&nbsp; L&rsquo;association Orchestre Jonas a \u00e9t\u00e9 cr\u00e9\u00e9e en octobre 2016. &nbsp; Elle a \u00e9t\u00e9 enregistr\u00e9e au Registre des Associations du tribunal d&rsquo;instance de Strasbourg le 19 d\u00e9cembre 2016, sous les r\u00e9f\u00e9rences : Volume 94 Folio n\u00b0324. &nbsp; Les membres du Conseil d&rsquo;Administration sont : &nbsp; &nbsp; Nicolas, pr\u00e9sident et directeur musical &nbsp; &nbsp; Pascal, tr\u00e9sorier &hellip; <a href=\"https:\/\/orchestrejonas.eu\/index.php\/association\/\" class=\"more-link\">Continue reading <span class=\"screen-reader-text\">Association<\/span> <span class=\"meta-nav\">&rarr;<\/span><\/a><\/p>\n","protected":false},"author":1,"featured_media":0,"parent":0,"menu_order":0,"comment_status":"closed","ping_status":"closed","template":"","meta":{"ngg_post_thumbnail":0,"footnotes":""},"yoast_head":"<!-- This site is optimized with the Yoast SEO plugin v23.6 - https:\/\/yoast.com\/wordpress\/plugins\/seo\/ -->\n<title>Association - Orchestre Jonas<\/title>\n<meta name=\"robots\" content=\"index, follow, max-snippet:-1, max-image-preview:large, max-video-preview:-1\" \/>\n<link rel=\"canonical\" href=\"https:\/\/orchestrejonas.eu\/index.php\/association\/\" \/>\n<meta property=\"og:locale\" content=\"fr_FR\" \/>\n<meta property=\"og:type\" content=\"article\" \/>\n<meta property=\"og:title\" content=\"Association - Orchestre Jonas\" \/>\n<meta property=\"og:description\" content=\"&nbsp; L&rsquo;association Orchestre Jonas a \u00e9t\u00e9 cr\u00e9\u00e9e en octobre 2016. &nbsp; Elle a \u00e9t\u00e9 enregistr\u00e9e au Registre des Associations du tribunal d&rsquo;instance de Strasbourg le 19 d\u00e9cembre 2016, sous les r\u00e9f\u00e9rences : Volume 94 Folio n\u00b0324. &nbsp; Les membres du Conseil d&rsquo;Administration sont : &nbsp; &nbsp; Nicolas, pr\u00e9sident et directeur musical &nbsp; &nbsp; Pascal, tr\u00e9sorier &hellip; Continue reading Association &rarr;\" \/>\n<meta property=\"og:url\" content=\"https:\/\/orchestrejonas.eu\/index.php\/association\/\" \/>\n<meta property=\"og:site_name\" content=\"Orchestre Jonas\" \/>\n<meta property=\"article:modified_time\" content=\"2018-03-09T01:00:33+00:00\" \/>\n<meta property=\"og:image\" content=\"http:\/\/orchestrejonas.eu\/wp-content\/uploads\/2018\/02\/cropped-Jonas_logo_v7c2-1-300x300.png\" \/>\n<meta name=\"twitter:card\" content=\"summary_large_image\" \/>\n<script type=\"application\/ld+json\" class=\"yoast-schema-graph\">{\"@context\":\"https:\/\/schema.org\",\"@graph\":[{\"@type\":\"WebPage\",\"@id\":\"https:\/\/orchestrejonas.eu\/index.php\/association\/\",\"url\":\"https:\/\/orchestrejonas.eu\/index.php\/association\/\",\"name\":\"Association - Orchestre Jonas\",\"isPartOf\":{\"@id\":\"https:\/\/orchestrejonas.eu\/#website\"},\"primaryImageOfPage\":{\"@id\":\"https:\/\/orchestrejonas.eu\/index.php\/association\/#primaryimage\"},\"image\":{\"@id\":\"https:\/\/orchestrejonas.eu\/index.php\/association\/#primaryimage\"},\"thumbnailUrl\":\"http:\/\/orchestrejonas.eu\/wp-content\/uploads\/2018\/02\/cropped-Jonas_logo_v7c2-1-300x300.png\",\"datePublished\":\"2018-02-07T22:16:06+00:00\",\"dateModified\":\"2018-03-09T01:00:33+00:00\",\"breadcrumb\":{\"@id\":\"https:\/\/orchestrejonas.eu\/index.php\/association\/#breadcrumb\"},\"inLanguage\":\"fr-FR\",\"potentialAction\":[{\"@type\":\"ReadAction\",\"target\":[\"https:\/\/orchestrejonas.eu\/index.php\/association\/\"]}]},{\"@type\":\"ImageObject\",\"inLanguage\":\"fr-FR\",\"@id\":\"https:\/\/orchestrejonas.eu\/index.php\/association\/#primaryimage\",\"url\":\"https:\/\/i0.wp.com\/orchestrejonas.eu\/wp-content\/uploads\/2018\/02\/cropped-Jonas_logo_v7c2-1.png?fit=512%2C512&ssl=1\",\"contentUrl\":\"https:\/\/i0.wp.com\/orchestrejonas.eu\/wp-content\/uploads\/2018\/02\/cropped-Jonas_logo_v7c2-1.png?fit=512%2C512&ssl=1\",\"width\":512,\"height\":512},{\"@type\":\"BreadcrumbList\",\"@id\":\"https:\/\/orchestrejonas.eu\/index.php\/association\/#breadcrumb\",\"itemListElement\":[{\"@type\":\"ListItem\",\"position\":1,\"name\":\"Accueil\",\"item\":\"https:\/\/orchestrejonas.eu\/\"},{\"@type\":\"ListItem\",\"position\":2,\"name\":\"Association\"}]},{\"@type\":\"WebSite\",\"@id\":\"https:\/\/orchestrejonas.eu\/#website\",\"url\":\"https:\/\/orchestrejonas.eu\/\",\"name\":\"Orchestre Jonas\",\"description\":\"Orchestre symphonique franco-allemand\",\"publisher\":{\"@id\":\"https:\/\/orchestrejonas.eu\/#organization\"},\"potentialAction\":[{\"@type\":\"SearchAction\",\"target\":{\"@type\":\"EntryPoint\",\"urlTemplate\":\"https:\/\/orchestrejonas.eu\/?s={search_term_string}\"},\"query-input\":{\"@type\":\"PropertyValueSpecification\",\"valueRequired\":true,\"valueName\":\"search_term_string\"}}],\"inLanguage\":\"fr-FR\"},{\"@type\":\"Organization\",\"@id\":\"https:\/\/orchestrejonas.eu\/#organization\",\"name\":\"Orchestre Jonas\",\"url\":\"https:\/\/orchestrejonas.eu\/\",\"logo\":{\"@type\":\"ImageObject\",\"inLanguage\":\"fr-FR\",\"@id\":\"https:\/\/orchestrejonas.eu\/#\/schema\/logo\/image\/\",\"url\":\"https:\/\/i0.wp.com\/orchestrejonas.eu\/wp-content\/uploads\/2018\/02\/cropped-Jonas_logo_v7c2-1-1.png?fit=1000%2C1000&ssl=1\",\"contentUrl\":\"https:\/\/i0.wp.com\/orchestrejonas.eu\/wp-content\/uploads\/2018\/02\/cropped-Jonas_logo_v7c2-1-1.png?fit=1000%2C1000&ssl=1\",\"width\":1000,\"height\":1000,\"caption\":\"Orchestre Jonas\"},\"image\":{\"@id\":\"https:\/\/orchestrejonas.eu\/#\/schema\/logo\/image\/\"}}]}<\/script>\n<!-- \/ Yoast SEO plugin. -->","yoast_head_json":{"title":"Association - Orchestre Jonas","robots":{"index":"index","follow":"follow","max-snippet":"max-snippet:-1","max-image-preview":"max-image-preview:large","max-video-preview":"max-video-preview:-1"},"canonical":"https:\/\/orchestrejonas.eu\/index.php\/association\/","og_locale":"fr_FR","og_type":"article","og_title":"Association - Orchestre Jonas","og_description":"&nbsp; L&rsquo;association Orchestre Jonas a \u00e9t\u00e9 cr\u00e9\u00e9e en octobre 2016. &nbsp; Elle a \u00e9t\u00e9 enregistr\u00e9e au Registre des Associations du tribunal d&rsquo;instance de Strasbourg le 19 d\u00e9cembre 2016, sous les r\u00e9f\u00e9rences : Volume 94 Folio n\u00b0324. &nbsp; Les membres du Conseil d&rsquo;Administration sont : &nbsp; &nbsp; Nicolas, pr\u00e9sident et directeur musical &nbsp; &nbsp; Pascal, tr\u00e9sorier &hellip; Continue reading Association &rarr;","og_url":"https:\/\/orchestrejonas.eu\/index.php\/association\/","og_site_name":"Orchestre Jonas","article_modified_time":"2018-03-09T01:00:33+00:00","og_image":[{"url":"http:\/\/orchestrejonas.eu\/wp-content\/uploads\/2018\/02\/cropped-Jonas_logo_v7c2-1-300x300.png"}],"twitter_card":"summary_large_image","schema":{"@context":"https:\/\/schema.org","@graph":[{"@type":"WebPage","@id":"https:\/\/orchestrejonas.eu\/index.php\/association\/","url":"https:\/\/orchestrejonas.eu\/index.php\/association\/","name":"Association - Orchestre Jonas","isPartOf":{"@id":"https:\/\/orchestrejonas.eu\/#website"},"primaryImageOfPage":{"@id":"https:\/\/orchestrejonas.eu\/index.php\/association\/#primaryimage"},"image":{"@id":"https:\/\/orchestrejonas.eu\/index.php\/association\/#primaryimage"},"thumbnailUrl":"http:\/\/orchestrejonas.eu\/wp-content\/uploads\/2018\/02\/cropped-Jonas_logo_v7c2-1-300x300.png","datePublished":"2018-02-07T22:16:06+00:00","dateModified":"2018-03-09T01:00:33+00:00","breadcrumb":{"@id":"https:\/\/orchestrejonas.eu\/index.php\/association\/#breadcrumb"},"inLanguage":"fr-FR","potentialAction":[{"@type":"ReadAction","target":["https:\/\/orchestrejonas.eu\/index.php\/association\/"]}]},{"@type":"ImageObject","inLanguage":"fr-FR","@id":"https:\/\/orchestrejonas.eu\/index.php\/association\/#primaryimage","url":"https:\/\/i0.wp.com\/orchestrejonas.eu\/wp-content\/uploads\/2018\/02\/cropped-Jonas_logo_v7c2-1.png?fit=512%2C512&ssl=1","contentUrl":"https:\/\/i0.wp.com\/orchestrejonas.eu\/wp-content\/uploads\/2018\/02\/cropped-Jonas_logo_v7c2-1.png?fit=512%2C512&ssl=1","width":512,"height":512},{"@type":"BreadcrumbList","@id":"https:\/\/orchestrejonas.eu\/index.php\/association\/#breadcrumb","itemListElement":[{"@type":"ListItem","position":1,"name":"Accueil","item":"https:\/\/orchestrejonas.eu\/"},{"@type":"ListItem","position":2,"name":"Association"}]},{"@type":"WebSite","@id":"https:\/\/orchestrejonas.eu\/#website","url":"https:\/\/orchestrejonas.eu\/","name":"Orchestre Jonas","description":"Orchestre symphonique franco-allemand","publisher":{"@id":"https:\/\/orchestrejonas.eu\/#organization"},"potentialAction":[{"@type":"SearchAction","target":{"@type":"EntryPoint","urlTemplate":"https:\/\/orchestrejonas.eu\/?s={search_term_string}"},"query-input":{"@type":"PropertyValueSpecification","valueRequired":true,"valueName":"search_term_string"}}],"inLanguage":"fr-FR"},{"@type":"Organization","@id":"https:\/\/orchestrejonas.eu\/#organization","name":"Orchestre Jonas","url":"https:\/\/orchestrejonas.eu\/","logo":{"@type":"ImageObject","inLanguage":"fr-FR","@id":"https:\/\/orchestrejonas.eu\/#\/schema\/logo\/image\/","url":"https:\/\/i0.wp.com\/orchestrejonas.eu\/wp-content\/uploads\/2018\/02\/cropped-Jonas_logo_v7c2-1-1.png?fit=1000%2C1000&ssl=1","contentUrl":"https:\/\/i0.wp.com\/orchestrejonas.eu\/wp-content\/uploads\/2018\/02\/cropped-Jonas_logo_v7c2-1-1.png?fit=1000%2C1000&ssl=1","width":1000,"height":1000,"caption":"Orchestre Jonas"},"image":{"@id":"https:\/\/orchestrejonas.eu\/#\/schema\/logo\/image\/"}}]}},"jetpack_sharing_enabled":true,"_links":{"self":[{"href":"https:\/\/orchestrejonas.eu\/index.php\/wp-json\/wp\/v2\/pages\/353"}],"collection":[{"href":"https:\/\/orchestrejonas.eu\/index.php\/wp-json\/wp\/v2\/pages"}],"about":[{"href":"https:\/\/orchestrejonas.eu\/index.php\/wp-json\/wp\/v2\/types\/page"}],"author":[{"embeddable":true,"href":"https:\/\/orchestrejonas.eu\/index.php\/wp-json\/wp\/v2\/users\/1"}],"replies":[{"embeddable":true,"href":"https:\/\/orchestrejonas.eu\/index.php\/wp-json\/wp\/v2\/comments?post=353"}],"version-history":[{"count":22,"href":"https:\/\/orchestrejonas.eu\/index.php\/wp-json\/wp\/v2\/pages\/353\/revisions"}],"predecessor-version":[{"id":1148,"href":"https:\/\/orchestrejonas.eu\/index.php\/wp-json\/wp\/v2\/pages\/353\/revisions\/1148"}],"wp:attachment":[{"href":"https:\/\/orchestrejonas.eu\/index.php\/wp-json\/wp\/v2\/media?parent=353"}],"curies":[{"name":"wp","href":"https:\/\/api.w.org\/{rel}","templated":true}]}}