{"id":1295,"date":"2018-05-09T10:34:49","date_gmt":"2018-05-09T08:34:49","guid":{"rendered":"http:\/\/orchestrejonas.eu\/?page_id=1295"},"modified":"2025-12-04T09:57:17","modified_gmt":"2025-12-04T08:57:17","slug":"nous-soutenir","status":"publish","type":"page","link":"https:\/\/orchestrejonas.eu\/index.php\/nous-soutenir\/","title":{"rendered":"Billetterie"},"content":{"rendered":"\n<h2 class=\"wp-block-heading\">BILLETTERIE JANVIER 2026<\/h2>\n\n\n\n<p>Pour acc\u00e9der \u00e0 la billetterie du concert du 17 janvier \u00e0 Eckartsweier, merci de cliquer ici :<\/p>\n\n\n\n<p>Um zur Ticketkasse f\u00fcr das Konzert am 17. Januar in Eckartsweier zu gelangen, klicken Sie bitte hier:<\/p>\n\n\n\n<figure class=\"wp-block-image size-full\"><a href=\"https:\/\/diginights.com\/event\/2026-01-17-neujahrskonzert-festhalle-eckartsweier-2\"><img fetchpriority=\"high\" decoding=\"async\" width=\"665\" height=\"611\" src=\"https:\/\/i0.wp.com\/orchestrejonas.eu\/wp-content\/uploads\/2025\/12\/diginights-billetterie.png?resize=665%2C611&#038;ssl=1\" alt=\"\" class=\"wp-image-1908\" srcset=\"https:\/\/i0.wp.com\/orchestrejonas.eu\/wp-content\/uploads\/2025\/12\/diginights-billetterie.png?w=665&amp;ssl=1 665w, https:\/\/i0.wp.com\/orchestrejonas.eu\/wp-content\/uploads\/2025\/12\/diginights-billetterie.png?resize=300%2C276&amp;ssl=1 300w, https:\/\/i0.wp.com\/orchestrejonas.eu\/wp-content\/uploads\/2025\/12\/diginights-billetterie.png?resize=435%2C400&amp;ssl=1 435w\" sizes=\"(max-width: 665px) 100vw, 665px\" data-recalc-dims=\"1\" \/><\/a><\/figure>\n\n\n\n<p><a href=\"https:\/\/diginights.com\/event\/2026-01-17-neujahrskonzert-festhalle-eckartsweier-2\">https:\/\/diginights.com\/event\/2026-01-17-neujahrskonzert-festhalle-eckartsweier-2<\/a><\/p>\n\n\n\n<p>Tarif en ligne : 12\u20ac \/ Tarif en caisse du soir : 15\u20ac<\/p>\n\n\n\n<p>12\u20ac im Vorverkauf \/ 15\u20ac an der Abendkasse<\/p>\n\n\n\n<p><\/p>\n\n\n\n<p><\/p>\n\n\n\n<p><\/p>\n","protected":false},"excerpt":{"rendered":"<p>BILLETTERIE JANVIER 2026 Pour acc\u00e9der \u00e0 la billetterie du concert du 17 janvier \u00e0 Eckartsweier, merci de cliquer ici : Um zur Ticketkasse f\u00fcr das Konzert am 17. Januar in Eckartsweier zu gelangen, klicken Sie bitte hier: https:\/\/diginights.com\/event\/2026-01-17-neujahrskonzert-festhalle-eckartsweier-2 Tarif en ligne : 12\u20ac \/ Tarif en caisse du soir : 15\u20ac 12\u20ac im Vorverkauf \/ &hellip; <a href=\"https:\/\/orchestrejonas.eu\/index.php\/nous-soutenir\/\" class=\"more-link\">Continue reading <span class=\"screen-reader-text\">Billetterie<\/span> <span class=\"meta-nav\">&rarr;<\/span><\/a><\/p>\n","protected":false},"author":1,"featured_media":0,"parent":0,"menu_order":0,"comment_status":"closed","ping_status":"closed","template":"","meta":{"ngg_post_thumbnail":0,"footnotes":""},"yoast_head":"<!-- This site is optimized with the Yoast SEO plugin v23.6 - https:\/\/yoast.com\/wordpress\/plugins\/seo\/ -->\n<title>Billetterie - Orchestre Jonas<\/title>\n<meta name=\"robots\" content=\"index, follow, max-snippet:-1, max-image-preview:large, max-video-preview:-1\" \/>\n<link rel=\"canonical\" href=\"https:\/\/orchestrejonas.eu\/index.php\/nous-soutenir\/\" \/>\n<meta property=\"og:locale\" content=\"fr_FR\" \/>\n<meta property=\"og:type\" content=\"article\" \/>\n<meta property=\"og:title\" content=\"Billetterie - Orchestre Jonas\" \/>\n<meta property=\"og:description\" content=\"BILLETTERIE JANVIER 2026 Pour acc\u00e9der \u00e0 la billetterie du concert du 17 janvier \u00e0 Eckartsweier, merci de cliquer ici : Um zur Ticketkasse f\u00fcr das Konzert am 17. Januar in Eckartsweier zu gelangen, klicken Sie bitte hier: https:\/\/diginights.com\/event\/2026-01-17-neujahrskonzert-festhalle-eckartsweier-2 Tarif en ligne : 12\u20ac \/ Tarif en caisse du soir : 15\u20ac 12\u20ac im Vorverkauf \/ &hellip; Continue reading Billetterie &rarr;\" \/>\n<meta property=\"og:url\" content=\"https:\/\/orchestrejonas.eu\/index.php\/nous-soutenir\/\" \/>\n<meta property=\"og:site_name\" content=\"Orchestre Jonas\" \/>\n<meta property=\"article:modified_time\" content=\"2025-12-04T08:57:17+00:00\" \/>\n<meta property=\"og:image\" content=\"https:\/\/orchestrejonas.eu\/wp-content\/uploads\/2025\/12\/diginights-billetterie.png\" \/>\n<meta name=\"twitter:card\" content=\"summary_large_image\" \/>\n<meta name=\"twitter:label1\" content=\"Dur\u00e9e de lecture estim\u00e9e\" \/>\n\t<meta name=\"twitter:data1\" content=\"1 minute\" \/>\n<script type=\"application\/ld+json\" class=\"yoast-schema-graph\">{\"@context\":\"https:\/\/schema.org\",\"@graph\":[{\"@type\":\"WebPage\",\"@id\":\"https:\/\/orchestrejonas.eu\/index.php\/nous-soutenir\/\",\"url\":\"https:\/\/orchestrejonas.eu\/index.php\/nous-soutenir\/\",\"name\":\"Billetterie - Orchestre Jonas\",\"isPartOf\":{\"@id\":\"https:\/\/orchestrejonas.eu\/#website\"},\"primaryImageOfPage\":{\"@id\":\"https:\/\/orchestrejonas.eu\/index.php\/nous-soutenir\/#primaryimage\"},\"image\":{\"@id\":\"https:\/\/orchestrejonas.eu\/index.php\/nous-soutenir\/#primaryimage\"},\"thumbnailUrl\":\"https:\/\/orchestrejonas.eu\/wp-content\/uploads\/2025\/12\/diginights-billetterie.png\",\"datePublished\":\"2018-05-09T08:34:49+00:00\",\"dateModified\":\"2025-12-04T08:57:17+00:00\",\"breadcrumb\":{\"@id\":\"https:\/\/orchestrejonas.eu\/index.php\/nous-soutenir\/#breadcrumb\"},\"inLanguage\":\"fr-FR\",\"potentialAction\":[{\"@type\":\"ReadAction\",\"target\":[\"https:\/\/orchestrejonas.eu\/index.php\/nous-soutenir\/\"]}]},{\"@type\":\"ImageObject\",\"inLanguage\":\"fr-FR\",\"@id\":\"https:\/\/orchestrejonas.eu\/index.php\/nous-soutenir\/#primaryimage\",\"url\":\"https:\/\/orchestrejonas.eu\/wp-content\/uploads\/2025\/12\/diginights-billetterie.png\",\"contentUrl\":\"https:\/\/orchestrejonas.eu\/wp-content\/uploads\/2025\/12\/diginights-billetterie.png\"},{\"@type\":\"BreadcrumbList\",\"@id\":\"https:\/\/orchestrejonas.eu\/index.php\/nous-soutenir\/#breadcrumb\",\"itemListElement\":[{\"@type\":\"ListItem\",\"position\":1,\"name\":\"Accueil\",\"item\":\"https:\/\/orchestrejonas.eu\/\"},{\"@type\":\"ListItem\",\"position\":2,\"name\":\"Billetterie\"}]},{\"@type\":\"WebSite\",\"@id\":\"https:\/\/orchestrejonas.eu\/#website\",\"url\":\"https:\/\/orchestrejonas.eu\/\",\"name\":\"Orchestre Jonas\",\"description\":\"Orchestre symphonique franco-allemand\",\"publisher\":{\"@id\":\"https:\/\/orchestrejonas.eu\/#organization\"},\"potentialAction\":[{\"@type\":\"SearchAction\",\"target\":{\"@type\":\"EntryPoint\",\"urlTemplate\":\"https:\/\/orchestrejonas.eu\/?s={search_term_string}\"},\"query-input\":{\"@type\":\"PropertyValueSpecification\",\"valueRequired\":true,\"valueName\":\"search_term_string\"}}],\"inLanguage\":\"fr-FR\"},{\"@type\":\"Organization\",\"@id\":\"https:\/\/orchestrejonas.eu\/#organization\",\"name\":\"Orchestre Jonas\",\"url\":\"https:\/\/orchestrejonas.eu\/\",\"logo\":{\"@type\":\"ImageObject\",\"inLanguage\":\"fr-FR\",\"@id\":\"https:\/\/orchestrejonas.eu\/#\/schema\/logo\/image\/\",\"url\":\"https:\/\/i0.wp.com\/orchestrejonas.eu\/wp-content\/uploads\/2018\/02\/cropped-Jonas_logo_v7c2-1-1.png?fit=1000%2C1000&ssl=1\",\"contentUrl\":\"https:\/\/i0.wp.com\/orchestrejonas.eu\/wp-content\/uploads\/2018\/02\/cropped-Jonas_logo_v7c2-1-1.png?fit=1000%2C1000&ssl=1\",\"width\":1000,\"height\":1000,\"caption\":\"Orchestre Jonas\"},\"image\":{\"@id\":\"https:\/\/orchestrejonas.eu\/#\/schema\/logo\/image\/\"}}]}<\/script>\n<!-- \/ Yoast SEO plugin. -->","yoast_head_json":{"title":"Billetterie - Orchestre Jonas","robots":{"index":"index","follow":"follow","max-snippet":"max-snippet:-1","max-image-preview":"max-image-preview:large","max-video-preview":"max-video-preview:-1"},"canonical":"https:\/\/orchestrejonas.eu\/index.php\/nous-soutenir\/","og_locale":"fr_FR","og_type":"article","og_title":"Billetterie - Orchestre Jonas","og_description":"BILLETTERIE JANVIER 2026 Pour acc\u00e9der \u00e0 la billetterie du concert du 17 janvier \u00e0 Eckartsweier, merci de cliquer ici : Um zur Ticketkasse f\u00fcr das Konzert am 17. Januar in Eckartsweier zu gelangen, klicken Sie bitte hier: https:\/\/diginights.com\/event\/2026-01-17-neujahrskonzert-festhalle-eckartsweier-2 Tarif en ligne : 12\u20ac \/ Tarif en caisse du soir : 15\u20ac 12\u20ac im Vorverkauf \/ &hellip; Continue reading Billetterie &rarr;","og_url":"https:\/\/orchestrejonas.eu\/index.php\/nous-soutenir\/","og_site_name":"Orchestre Jonas","article_modified_time":"2025-12-04T08:57:17+00:00","og_image":[{"url":"https:\/\/orchestrejonas.eu\/wp-content\/uploads\/2025\/12\/diginights-billetterie.png"}],"twitter_card":"summary_large_image","twitter_misc":{"Dur\u00e9e de lecture estim\u00e9e":"1 minute"},"schema":{"@context":"https:\/\/schema.org","@graph":[{"@type":"WebPage","@id":"https:\/\/orchestrejonas.eu\/index.php\/nous-soutenir\/","url":"https:\/\/orchestrejonas.eu\/index.php\/nous-soutenir\/","name":"Billetterie - Orchestre Jonas","isPartOf":{"@id":"https:\/\/orchestrejonas.eu\/#website"},"primaryImageOfPage":{"@id":"https:\/\/orchestrejonas.eu\/index.php\/nous-soutenir\/#primaryimage"},"image":{"@id":"https:\/\/orchestrejonas.eu\/index.php\/nous-soutenir\/#primaryimage"},"thumbnailUrl":"https:\/\/orchestrejonas.eu\/wp-content\/uploads\/2025\/12\/diginights-billetterie.png","datePublished":"2018-05-09T08:34:49+00:00","dateModified":"2025-12-04T08:57:17+00:00","breadcrumb":{"@id":"https:\/\/orchestrejonas.eu\/index.php\/nous-soutenir\/#breadcrumb"},"inLanguage":"fr-FR","potentialAction":[{"@type":"ReadAction","target":["https:\/\/orchestrejonas.eu\/index.php\/nous-soutenir\/"]}]},{"@type":"ImageObject","inLanguage":"fr-FR","@id":"https:\/\/orchestrejonas.eu\/index.php\/nous-soutenir\/#primaryimage","url":"https:\/\/orchestrejonas.eu\/wp-content\/uploads\/2025\/12\/diginights-billetterie.png","contentUrl":"https:\/\/orchestrejonas.eu\/wp-content\/uploads\/2025\/12\/diginights-billetterie.png"},{"@type":"BreadcrumbList","@id":"https:\/\/orchestrejonas.eu\/index.php\/nous-soutenir\/#breadcrumb","itemListElement":[{"@type":"ListItem","position":1,"name":"Accueil","item":"https:\/\/orchestrejonas.eu\/"},{"@type":"ListItem","position":2,"name":"Billetterie"}]},{"@type":"WebSite","@id":"https:\/\/orchestrejonas.eu\/#website","url":"https:\/\/orchestrejonas.eu\/","name":"Orchestre Jonas","description":"Orchestre symphonique franco-allemand","publisher":{"@id":"https:\/\/orchestrejonas.eu\/#organization"},"potentialAction":[{"@type":"SearchAction","target":{"@type":"EntryPoint","urlTemplate":"https:\/\/orchestrejonas.eu\/?s={search_term_string}"},"query-input":{"@type":"PropertyValueSpecification","valueRequired":true,"valueName":"search_term_string"}}],"inLanguage":"fr-FR"},{"@type":"Organization","@id":"https:\/\/orchestrejonas.eu\/#organization","name":"Orchestre Jonas","url":"https:\/\/orchestrejonas.eu\/","logo":{"@type":"ImageObject","inLanguage":"fr-FR","@id":"https:\/\/orchestrejonas.eu\/#\/schema\/logo\/image\/","url":"https:\/\/i0.wp.com\/orchestrejonas.eu\/wp-content\/uploads\/2018\/02\/cropped-Jonas_logo_v7c2-1-1.png?fit=1000%2C1000&ssl=1","contentUrl":"https:\/\/i0.wp.com\/orchestrejonas.eu\/wp-content\/uploads\/2018\/02\/cropped-Jonas_logo_v7c2-1-1.png?fit=1000%2C1000&ssl=1","width":1000,"height":1000,"caption":"Orchestre Jonas"},"image":{"@id":"https:\/\/orchestrejonas.eu\/#\/schema\/logo\/image\/"}}]}},"jetpack_sharing_enabled":true,"_links":{"self":[{"href":"https:\/\/orchestrejonas.eu\/index.php\/wp-json\/wp\/v2\/pages\/1295"}],"collection":[{"href":"https:\/\/orchestrejonas.eu\/index.php\/wp-json\/wp\/v2\/pages"}],"about":[{"href":"https:\/\/orchestrejonas.eu\/index.php\/wp-json\/wp\/v2\/types\/page"}],"author":[{"embeddable":true,"href":"https:\/\/orchestrejonas.eu\/index.php\/wp-json\/wp\/v2\/users\/1"}],"replies":[{"embeddable":true,"href":"https:\/\/orchestrejonas.eu\/index.php\/wp-json\/wp\/v2\/comments?post=1295"}],"version-history":[{"count":16,"href":"https:\/\/orchestrejonas.eu\/index.php\/wp-json\/wp\/v2\/pages\/1295\/revisions"}],"predecessor-version":[{"id":1909,"href":"https:\/\/orchestrejonas.eu\/index.php\/wp-json\/wp\/v2\/pages\/1295\/revisions\/1909"}],"wp:attachment":[{"href":"https:\/\/orchestrejonas.eu\/index.php\/wp-json\/wp\/v2\/media?parent=1295"}],"curies":[{"name":"wp","href":"https:\/\/api.w.org\/{rel}","templated":true}]}}